{"id":2617,"date":"2015-04-20T19:16:57","date_gmt":"2015-04-20T18:16:57","guid":{"rendered":"http:\/\/beta.sapebohemia.cz\/?page_id=2617"},"modified":"2015-04-20T19:16:57","modified_gmt":"2015-04-20T18:16:57","slug":"it-sytem-pro-logistiku","status":"publish","type":"page","link":"http:\/\/www.sapebohemia.cz\/en\/sluzby\/it-sytem-pro-logistiku\/","title":{"rendered":"IT Systems"},"content":{"rendered":"<h2 style=\"text-align: left;\">ICT - Solution<\/h2>\n<h3 style=\"text-align: left;\">IT systems and warehouse management<\/h3>\n<p style=\"text-align: left;\">The information and communication technologies ICT -(<em>Information and Communication Technologies<\/em>) are irreplaceable in today\u2019s world of logistics.<\/p>\n<p style=\"text-align: left;\">The solutions we use in our business are not unique only for internal logistics but also for the whole chain of supplier-customer relationships. IT systems that are implemented in our warehouses manage manufacturing, logistics and distribution operations. All of these systems ensure more streamlined, faster and error-free operation of logistics. The flexibility of the IT system allows us implementation in a warehouse with only 2 workers or in operations run by tens of simultaneously working operators.<\/p>\n<h2 style=\"text-align: left;\">WMS<\/h2>\n<p style=\"text-align: left;\"><strong>Jedn\u00edm ze z\u00e1kladn\u00edch modul\u016f je syst\u00e9m \u0159\u00edzen\u00e9ho skladu WMS <em>(Warehouse management system)<\/em><\/strong>, kter\u00fd p\u0159edstavuje komplexn\u00ed \u0159e\u0161en\u00ed pro automatizaci, evidenci proces\u016f a z\u00e1sob v \u0159\u00edzen\u00e9m skladu. <strong>WMS<\/strong> eviduje rozlo\u017een\u00ed zbo\u017e\u00ed na sklad\u011b a \u0159\u00edd\u00ed pr\u00e1ce v cel\u00e9m sklad\u011b.<\/p>\n<p style=\"text-align: left;\"><strong>Syst\u00e9m \u0159\u00edzen\u00e9ho skladu WMS<\/strong> vyu\u017e\u00edv\u00e1\u00a0technologie automatick\u00e9 identifikace a pracuje s \u201e<em>poka-yoke<\/em>\u201c n\u00e1stroji, kter\u00e9 zaji\u0161\u0165uj\u00ed minimalizaci ne\u00famysln\u00fdch chyb p\u0159i manipulaci s\u00a0materi\u00e1lem. Operace jsou nastaveny tak, aby d\u011bln\u00edk nemohl v s\u00e9riov\u00e9 v\u00fdrob\u011b p\u0159i rutinn\u00edch operac\u00ed pochybit. Pro zaji\u0161t\u011bn\u00ed t\u011bchto operac\u00ed syst\u00e9m pou\u017e\u00edv\u00e1 r\u016fzn\u00e9 typy \u010d\u00e1rov\u00fdch k\u00f3d\u016f, bezkontaktn\u00ed identifikace RFID, pick-by-voice nebo pick-by-light technologie.<\/p>\n<p style=\"text-align: left;\"><strong>\u00a0WMS<\/strong> can provide accurate data about logistic flow, simple error-free processes and traceability of all the actions and links in the process.<\/p>\n<h2 style=\"text-align: left;\">JIT \/ JIS<\/h2>\n<p style=\"text-align: left;\">Management of sequenced logistics is another module of our system. This module is useful to any customer with repeated deliveries in the span of one day, with homogenous or mixed pallets, sequenced parts or sequencing of modules in the correct order. Deliveries to our customers in <strong>JIT <\/strong><em>(<\/em><strong><em>Just In Time)<\/em><\/strong> and <strong>JIS <\/strong><em>(<\/em><strong><em>Just In Sequence) <\/em><\/strong>models are reliable and without process errors.<\/p>\n<p style=\"text-align: left;\">This particular module manages the warehouse of the main provider of logistics services (CELD) which we currently operate on behalf of \u0160koda Auto a.s. CEDL secures deliveries to plant of \u0160koda Auto in Mlad\u00e1 Boleslav in two modes \"<em>ship2assembly<\/em>\" and <em>\u201eship2sequence\u201c<\/em>, which are fully managed by our IT solutions.<\/p>\n<h2 style=\"text-align: left;\">E-Portal<\/h2>\n<p style=\"text-align: left;\">Sharing of relevant, up-to-date and definite information via the web portal ensures that all parties involved have get the full picture. Currently approved orders, forecasts of material demands, status of stock en route and in the warehouse makes life easier for all parties concerned.<\/p>\n<p style=\"text-align: left;\">The system enables monitoring of stock to suppliers but also to customers through the web interface which uses secure certificated communication.<\/p>\n<h2 style=\"text-align: left;\">EDI<\/h2>\n<p style=\"text-align: left;\"><strong>EDI<\/strong> (<em>Electronic Data Interchange<\/em>) is a concept that allows the interchange of structured electronic messages between computers or rather applications that run on said computers. Systems which manage warehouse operations automatically generate various types of messages and ensure their delivery in the correct format.<\/p>\n<p style=\"text-align: left;\">The Data are structured according to valid standards in the form of messages. These messages are then automatically transferred without human interference. EDI communication is still the most used data format for electronic commerce transactions.<\/p>\n<h2 style=\"text-align: left;\">ID Technology<\/h2>\n<p style=\"text-align: left;\">SAPE can also provide delivery of hardware components to our customers. We are able to offer mobile terminals, RFID technologies, Industrial grade printers and other hardware.<\/p>\n<h2 style=\"text-align: left;\">Servers<\/h2>\n<p style=\"text-align: left;\">The core of any IT system is <strong>software<\/strong>is software however our solutions in logistics also demand correct <strong>hardware <em>(servery, s\u00ed\u0165ov\u00e1 topologie, p\u0159enosn\u00e9 termin\u00e1ly, bezdr\u00e1tov\u00e1 s\u00ed\u0165 (WiFi), tisk\u00e1rny)<\/em><\/strong> a d\u00e1le ve\u0161ker\u00e9 slu\u017eby spojen\u00e9 s <strong>implementac\u00ed syst\u00e9mu<\/strong> a jeho uveden\u00ed do produktivn\u00edho provozu.<\/p>\n<p style=\"text-align: left;\">As regards implementation we offer:<\/p>\n<ul style=\"text-align: left;\">\n<li style=\"text-align: left;\">Software<\/li>\n<li style=\"text-align: left;\">Hardware<\/li>\n<li style=\"text-align: left;\">Managed services including service level agreement (SLA)<\/li>\n<li style=\"text-align: left;\">Clustering and NLB<\/li>\n<li style=\"text-align: left;\">Implementation of Public Key Infrastructure<\/li>\n<li style=\"text-align: left;\">Clustering a NLB<\/li>\n<li style=\"text-align: left;\">Monitoring<\/li>\n<li style=\"text-align: left;\">Backup services<\/li>\n<li style=\"text-align: left;\">Messaging<\/li>\n<\/ul>\n<h3 style=\"text-align: left;\">High availability of our services<\/h3>\n<p style=\"text-align: left;\">We generally aim for high availability of server visualization and services like monitoring and backup management. This, in turn, provides our customers with a service that is more reliable and effective.<\/p>\n<p style=\"text-align: left;\">The availability is implemented in three areas<\/p>\n<ol style=\"text-align: left;\">\n<li style=\"text-align: left;\">High availability on the application level<\/li>\n<li style=\"text-align: left;\">High availability of the virtual server<\/li>\n<li style=\"text-align: left;\">High availability in terms of service<\/li>\n<\/ol>\n<h3 style=\"text-align: left;\">High availability on the application level<\/h3>\n<p style=\"text-align: left;\">Part of the application and utilization of cluster services of the system such as failover clustering or load balancing.<\/p>\n<h3 style=\"text-align: left;\">High availability of the virtual server<\/h3>\n<p style=\"text-align: left;\">Jedn\u00e1 se roz\u0161\u00ed\u0159enou konfiguraci virtualiza\u010dn\u00edho prost\u0159ed\u00ed, kdy je cel\u00fd virtu\u00e1ln\u00ed server provozov\u00e1n jako cluster resource, tj. \u017ee virtu\u00e1ln\u00ed server jako celek se chov\u00e1 jako vysoce dostupn\u00fd prost\u0159edek.<\/p>\n<p style=\"text-align: left;\">The advantage is that clustering of virtual servers can ensure high availability of applications that are run on a virtual server even if they were not designed with high availability in mind.<\/p>\n<h3 style=\"text-align: left;\">High availability in terms of service<\/h3>\n<p style=\"text-align: left;\">Is not clustering but distribution of service to multiple servers where, in case of outage of service, other tools within the network can still be used. As an example one might list Active Directory service or DNS server.<\/p>\n<p style=\"text-align: left;\">Each of these scenarios requires the creation and configuration of a cluster on a different level and has its own pros and cons. Because of our experience, we are able to offer a suitable solution that will bring maximum efficiency to the customer at proportional costs.<\/p>\n<h2 style=\"text-align: left;\">Monitoring<\/h2>\n<p style=\"text-align: left;\">Monitoring is an optional part of the infrastructure that has high demands on availability. It also provides data that are needed for evaluation of services provided and fulfilment of SLAs.<\/p>\n<p style=\"text-align: left;\">When proactive monitoring is used, any outage of services caused by hardware malfunction can be avoided. Especially in terms of visualization and high availability, it is possible to utilize backup instead of malfunctioning hardware if correct predictions are made. This, in turn, can prevent short-term outage of services. In case the hardware malfunctions before the startup of the backup, the service will be shut down until the backup hardware within the cluster manages to start up.<\/p>\n<h2 style=\"text-align: left;\">Backup and DR<\/h2>\n<p style=\"text-align: left;\">Data backup is an integral part of any infrastructure even when high availability is implemented (clustering). <em>(Clustering).<\/em><\/p>\n<p style=\"text-align: left;\">The main aim of data backup is to ensure data availability even in cases when data is lost not because of hardware malfunction but because of human error.<\/p>\n<p style=\"text-align: left;\">The backup is also part of disaster recovery <em>(Disaster recovery)<\/em> and the design of the backup therefore corresponds to the overall demands of DR.<\/p>","protected":false},"excerpt":{"rendered":"<p>ICT \u2013 \u0159e\u0161en\u00ed informa\u010dn\u00ed syst\u00e9my a \u0159\u00edzen\u00ed skladu V\u00a0dne\u0161n\u00edm sv\u011bt\u011b p\u0159edstavuj\u00ed informa\u010dn\u00ed a komunika\u010dn\u00ed technologie ICT -(Information and Communication Technologies) nepostradatelnou sou\u010d\u00e1st i v\u00a0oblasti logistiky. V\u00a0na\u0161ich provozech pou\u017e\u00edv\u00e1me \u0159e\u0161en\u00ed, kter\u00e9 je unik\u00e1tn\u00ed nejenom pro intern\u00ed logistiku, ale pro cel\u00fd dodavatelsko-odb\u011bratelsk\u00fd \u0159et\u011bzec. Informa\u010dn\u00ed syst\u00e9my, implementovan\u00e9 v\u00a0na\u0161ich skladech \u0159\u00edd\u00ed v\u00fdrobn\u00ed, logistick\u00e9 i distribu\u010dn\u00ed provozy. V\u0161echny tyto syst\u00e9my [&hellip;]<\/p>","protected":false},"author":4,"featured_media":0,"parent":2851,"menu_order":0,"comment_status":"open","ping_status":"open","template":"","meta":{"ngg_post_thumbnail":0,"footnotes":""},"class_list":["post-2617","page","type-page","status-publish","hentry"],"_links":{"self":[{"href":"http:\/\/www.sapebohemia.cz\/en\/wp-json\/wp\/v2\/pages\/2617","targetHints":{"allow":["GET"]}}],"collection":[{"href":"http:\/\/www.sapebohemia.cz\/en\/wp-json\/wp\/v2\/pages"}],"about":[{"href":"http:\/\/www.sapebohemia.cz\/en\/wp-json\/wp\/v2\/types\/page"}],"author":[{"embeddable":true,"href":"http:\/\/www.sapebohemia.cz\/en\/wp-json\/wp\/v2\/users\/4"}],"replies":[{"embeddable":true,"href":"http:\/\/www.sapebohemia.cz\/en\/wp-json\/wp\/v2\/comments?post=2617"}],"version-history":[{"count":0,"href":"http:\/\/www.sapebohemia.cz\/en\/wp-json\/wp\/v2\/pages\/2617\/revisions"}],"up":[{"embeddable":true,"href":"http:\/\/www.sapebohemia.cz\/en\/wp-json\/wp\/v2\/pages\/2851"}],"wp:attachment":[{"href":"http:\/\/www.sapebohemia.cz\/en\/wp-json\/wp\/v2\/media?parent=2617"}],"curies":[{"name":"wp","href":"https:\/\/api.w.org\/{rel}","templated":true}]}}