{"id":2628,"date":"2015-04-21T19:51:13","date_gmt":"2015-04-21T18:51:13","guid":{"rendered":"http:\/\/beta.sapebohemia.cz\/?page_id=2628"},"modified":"2015-04-21T19:51:13","modified_gmt":"2015-04-21T18:51:13","slug":"koordinator-sekvencniho-pracoviste","status":"publish","type":"page","link":"http:\/\/www.sapebohemia.cz\/en\/kariera\/koordinator-sekvencniho-pracoviste\/","title":{"rendered":"Koordin\u00e1tor sekven\u010dn\u00edho pracovi\u0161t\u011b"},"content":{"rendered":"<p><a style=\"float: right;\" title=\"CAREER\" href=\"http:\/\/beta.sapebohemia.cz\/?page_id=2568\">zp\u011bt<\/a><\/p>\n<h2>Po\u017eadavky<\/h2>\n<ul>\n<li>Vzd\u011bl\u00e1n\u00ed \u2013 vyu\u010den\/st\u0159edo\u0161kolsk\u00e9<\/li>\n<li>Praxe \u2013 2 roky na obdobn\u00e9 pozici<\/li>\n<li>Znalosti \u2013 komunikativnost, flexibilita, samostatnost, z\u00e1kladn\u00ed znalosti pracovn\u00edho procesu, \u0159\u00edzen\u00ed neshodn\u00fdch d\u00edl\u016f, \u0159\u00edzen\u00ed mal\u00e9ho kolektivu<\/li>\n<\/ul>\n<h2>Pracovn\u00ed n\u00e1pl\u0148<\/h2>\n<ul>\n<li>Kontrola spr\u00e1vnosti vychystan\u00fdch sekvenc\u00ed dle po\u017eadavk\u016f \u0160koda \u2013 JIS odvol\u00e1vek<\/li>\n<li>Kontrola spr\u00e1vnosti skenov\u00e1n\u00ed v\u0161ech z\u00e1v\u011bsek<\/li>\n<li>Dodr\u017eov\u00e1n\u00ed skladov\u00fdch pozic = dodr\u017eov\u00e1n\u00ed rozvr\u017een\u00ed ploch (layout) pro schv\u00e1len\u00fd \u00fa\u010del<\/li>\n<li>Dodr\u017eov\u00e1n\u00ed FIFO (prvn\u00ed do skladu, prvn\u00ed ze skladu)<\/li>\n<li>Udr\u017eov\u00e1n\u00ed po\u0159\u00e1dku a \u010distoty na dan\u00fdch pracovi\u0161t\u00edch<\/li>\n<li>Organizov\u00e1n\u00ed prac\u00ed p\u0159i expedic\u00edch<\/li>\n<li>Informov\u00e1n\u00ed nad\u0159\u00edzen\u00e9ho v p\u0159\u00edpad\u011b mimo\u0159\u00e1dn\u00fdch ud\u00e1lost\u00ed<\/li>\n<li>Spolupr\u00e1ce s vedouc\u00edm sm\u011bny a ostatn\u00edmi odd\u011blen\u00edmi v r\u00e1mci sv\u00fdch pravomoc\u00ed a povinnost\u00ed<\/li>\n<li>Pr\u00e1ce ve 3-sm\u011bnn\u00e9m provozu<\/li>\n<\/ul>\n<h2>Co nab\u00edz\u00edme<\/h2>\n<ul>\n<li>Jistotu st\u00e1l\u00e9ho zam\u011bstn\u00e1n\u00ed<\/li>\n<li>Dobr\u00e9 finan\u010dn\u00ed ohodnocen\u00ed<\/li>\n<li>Finan\u010dn\u00ed odm\u011bny a motivace<\/li>\n<li>Pr\u00e1ci v modern\u00edm a \u010dist\u00e9m prost\u0159ed\u00ed<\/li>\n<li>Mo\u017enost ubytov\u00e1n\u00ed<\/li>\n<li>Aktualizaci osv\u011bd\u010den\u00ed na VZV<\/li>\n<\/ul>\n<h2>Pracovn\u00ed benefity zam\u011bstnanc\u016f<\/h2>\n<ul>\n<li>odpoledn\u00ed p\u0159\u00edplatek<\/li>\n<li>zaveden\u00ed zaru\u010den\u00e9ho bonusu vyplacen\u00fd 2x ro\u010dn\u011b<\/li>\n<li>odm\u011bna p\u0159i pracovn\u00edm v\u00fdro\u010d\u00ed<\/li>\n<li>odm\u011bna za sm\u011bnu odpracovanou o v\u00edkendu<\/li>\n<li>5 t\u00fddn\u016f dovolen\u00e9<\/li>\n<li>p\u0159\u00edsp\u011bvek zam\u011bstnavatele\n<ul>\n<li>p\u0159i narozen\u00ed d\u00edt\u011bte<\/li>\n<li>na d\u011btsk\u00e9 t\u00e1bory<\/li>\n<li>soci\u00e1ln\u00ed v\u00fdpomoc rodin\u011b p\u0159i \u00famrt\u00ed zam\u011bstnance <\/li>\n<\/ul>\n<\/li>\n<\/ul>\n<h2>M\u00edsto pracovi\u0161t\u011b<\/h2>\n<ul>\n<li>Kosmonosy<\/li>\n<li>Mlad\u00e1 Boleslav<\/li>\n<li>Turnov<\/li>\n<li>P\u00edsek<\/li>\n<\/ul>\n<h2>Contact form<\/h2>\n<p><a id=\"btnKoordinatorOdpovedet\" class=\"popmake-3077 button_ light small  margin-t0  align bounceIn animated\" style=\"-webkit-animation-delay: 0s;\" title=\"Odpov\u011bd\u011bt\" href=\"#\" target=\"_self\" data-rt-animate=\"animate\" data-rt-animation-type=\"bounceIn\" data-rt-animation-group=\"single\" rel=\"noopener noreferrer\">Odpov\u011bd\u011bt<\/a><\/p>","protected":false},"excerpt":{"rendered":"<p>zp\u011bt Po\u017eadavky Vzd\u011bl\u00e1n\u00ed \u2013 vyu\u010den\/st\u0159edo\u0161kolsk\u00e9 Praxe \u2013 2 roky na obdobn\u00e9 pozici Znalosti \u2013 komunikativnost, flexibilita, samostatnost, z\u00e1kladn\u00ed znalosti pracovn\u00edho procesu, \u0159\u00edzen\u00ed neshodn\u00fdch d\u00edl\u016f, \u0159\u00edzen\u00ed mal\u00e9ho kolektivu Pracovn\u00ed n\u00e1pl\u0148 Kontrola spr\u00e1vnosti vychystan\u00fdch sekvenc\u00ed dle po\u017eadavk\u016f \u0160koda \u2013 JIS odvol\u00e1vek Kontrola spr\u00e1vnosti skenov\u00e1n\u00ed v\u0161ech z\u00e1v\u011bsek Dodr\u017eov\u00e1n\u00ed skladov\u00fdch pozic = dodr\u017eov\u00e1n\u00ed rozvr\u017een\u00ed ploch (layout) pro schv\u00e1len\u00fd \u00fa\u010del [&hellip;]<\/p>","protected":false},"author":4,"featured_media":0,"parent":2568,"menu_order":0,"comment_status":"open","ping_status":"open","template":"","meta":{"ngg_post_thumbnail":0,"footnotes":""},"class_list":["post-2628","page","type-page","status-publish","hentry"],"_links":{"self":[{"href":"http:\/\/www.sapebohemia.cz\/en\/wp-json\/wp\/v2\/pages\/2628","targetHints":{"allow":["GET"]}}],"collection":[{"href":"http:\/\/www.sapebohemia.cz\/en\/wp-json\/wp\/v2\/pages"}],"about":[{"href":"http:\/\/www.sapebohemia.cz\/en\/wp-json\/wp\/v2\/types\/page"}],"author":[{"embeddable":true,"href":"http:\/\/www.sapebohemia.cz\/en\/wp-json\/wp\/v2\/users\/4"}],"replies":[{"embeddable":true,"href":"http:\/\/www.sapebohemia.cz\/en\/wp-json\/wp\/v2\/comments?post=2628"}],"version-history":[{"count":0,"href":"http:\/\/www.sapebohemia.cz\/en\/wp-json\/wp\/v2\/pages\/2628\/revisions"}],"up":[{"embeddable":true,"href":"http:\/\/www.sapebohemia.cz\/en\/wp-json\/wp\/v2\/pages\/2568"}],"wp:attachment":[{"href":"http:\/\/www.sapebohemia.cz\/en\/wp-json\/wp\/v2\/media?parent=2628"}],"curies":[{"name":"wp","href":"https:\/\/api.w.org\/{rel}","templated":true}]}}