{"id":2636,"date":"2015-04-21T20:04:35","date_gmt":"2015-04-21T19:04:35","guid":{"rendered":"http:\/\/beta.sapebohemia.cz\/?page_id=2636"},"modified":"2015-04-21T20:04:35","modified_gmt":"2015-04-21T19:04:35","slug":"vedouci-dispecinku","status":"publish","type":"page","link":"http:\/\/www.sapebohemia.cz\/en\/kariera\/vedouci-dispecinku\/","title":{"rendered":"Vedouc\u00ed dispe\u010dinku"},"content":{"rendered":"<p><a style=\"float: right;\" title=\"CAREER\" href=\"http:\/\/beta.sapebohemia.cz\/?page_id=2568\">zp\u011bt<\/a><\/p>\n<h2>Po\u017eadavky<\/h2>\n<ul>\n<li>Vzd\u011bl\u00e1n\u00ed \u2013 st\u0159edo\u0161kolsk\u00e9-ekonomick\u00e9ho nebo administrativn\u00edho sm\u011bru<\/li>\n<li>Praxe \u2013 2 roky na obdobn\u00e9 pozici<\/li>\n<li>Znalosti \u2013 komunikativnost, flexibilita, samostatnost, ovl\u00e1d\u00e1n\u00ed MS OFFICE, administrativn\u011b-provozn\u00ed znalosti, \u0159\u00edzen\u00ed men\u0161\u00edho kolektivu, \u0159\u00edzen\u00ed neshodn\u00fdch d\u00edl\u016f<\/li>\n<\/ul>\n<h2>Pracovn\u00ed n\u00e1pl\u0148<\/h2>\n<ul>\n<li>Prov\u00e1d\u011bn\u00ed p\u0159\u00edjmu materi\u00e1lu, polotvar\u016f do syt\u00e9mu DCIx a LOGIS<\/li>\n<li>Veden\u00ed evidence vratn\u00fdch obal\u016f v syt\u00e9mu DCIx<\/li>\n<li>Editace, oprava dodac\u00edch list\u016f, tisk intern\u00edch etiket<\/li>\n<li>Organizace, \u0159\u00edzen\u00ed, zpracov\u00e1n\u00ed a vyhodnocov\u00e1n\u00ed inventur prov\u00e1d\u011bn\u00fdch dle pokyn\u016f nad\u0159\u00edzen\u00e9ho<\/li>\n<li>Organizace a vyhodnocov\u00e1n\u00ed permanentn\u00edch inventur<\/li>\n<li>Zad\u00e1v\u00e1n\u00ed \u00fadaj\u016f do datab\u00e1z\u00ed syst\u00e9mu DCIx, aktualizace, informov\u00e1n\u00ed<\/li>\n<li>Zaji\u0161\u0165ov\u00e1n\u00ed prov\u00e1zanosti jednotliv\u00fdch syst\u00e9m\u016f pro p\u0159enos a sd\u00edlen\u00ed dat<\/li>\n<li>Tvorba nestandardn\u00edch dodac\u00edch list\u016f na z\u00e1klad\u011b repasn\u00edch l\u00edstk\u016f, objedn\u00e1vek se \u0160koda Auto a.s. apod.<\/li>\n<li>Zas\u00edl\u00e1n\u00ed check list\u016f a neshodn\u00fdch d\u00edl\u016f dodavateli<\/li>\n<li>Informov\u00e1n\u00ed nad\u0159\u00edzen\u00e9ho v p\u0159\u00edpad\u011b mimo\u0159\u00e1dn\u00fdch ud\u00e1lost\u00ed<\/li>\n<li>Veden\u00ed, hodnocen\u00ed a \u0161kolen\u00ed pod\u0159\u00edzen\u00fdch pracovn\u00edk\u016f<\/li>\n<li>Spolupr\u00e1ce s vedouc\u00edm sm\u011bny a ostatn\u00edmi odd\u011blen\u00edmi v r\u00e1mci sv\u00fdch pravomoc\u00ed a povinnost\u00ed<\/li>\n<li>\u0158\u00edzen\u00ed provozu p\u0159i pou\u017eit\u00ed nouzov\u00e9 strategie<\/li>\n<\/ul>\n<h2>Co nab\u00edz\u00edme<\/h2>\n<ul>\n<li>Jistotu st\u00e1l\u00e9ho zam\u011bstn\u00e1n\u00ed<\/li>\n<li>Dobr\u00e9 finan\u010dn\u00ed ohodnocen\u00ed<\/li>\n<li>Finan\u010dn\u00ed odm\u011bny a motivace<\/li>\n<li>Pr\u00e1ci v modern\u00edm a \u010dist\u00e9m prost\u0159ed\u00ed<\/li>\n<li>Mo\u017enost ubytov\u00e1n\u00ed<\/li>\n<li>Aktualizaci osv\u011bd\u010den\u00ed na VZV<\/li>\n<\/ul>\n<h2>Pracovn\u00ed benefity zam\u011bstnanc\u016f<\/h2>\n<ul>\n<li>odpoledn\u00ed p\u0159\u00edplatek<\/li>\n<li>zaveden\u00ed zaru\u010den\u00e9ho bonusu vyplacen\u00fd 2x ro\u010dn\u011b<\/li>\n<li>odm\u011bna p\u0159i pracovn\u00edm v\u00fdro\u010d\u00ed<\/li>\n<li>odm\u011bna za sm\u011bnu odpracovanou o v\u00edkendu<\/li>\n<li>5 t\u00fddn\u016f dovolen\u00e9<\/li>\n<li>p\u0159\u00edsp\u011bvek zam\u011bstnavatele\n<ul>\n<li>p\u0159i narozen\u00ed d\u00edt\u011bte<\/li>\n<li>na d\u011btsk\u00e9 t\u00e1bory<\/li>\n<li>soci\u00e1ln\u00ed v\u00fdpomoc rodin\u011b p\u0159i \u00famrt\u00ed zam\u011bstnance <\/li>\n<\/ul>\n<\/li>\n<\/ul>\n<h2>M\u00edsto pracovi\u0161t\u011b<\/h2>\n<ul>\n<li>Kosmonosy<\/li>\n<li>Mlad\u00e1 Boleslav<\/li>\n<li>Turnov<\/li>\n<li>P\u00edsek<\/li>\n<\/ul>\n<h2>Pracovn\u00ed pom\u011br<\/h2>\n<ul>\n<li>Hlavn\u00ed pracovn\u00ed pom\u011br<\/li>\n<\/ul>\n<h2>D\u00e9lka pracovn\u00edho pom\u011bru<\/h2>\n<ul>\n<li>Na dobu neur\u010ditou<\/li>\n<\/ul>\n<h2>Contact form<\/h2>\n<p><a id=\"btnVedouciDispecinkuOdpovedet\" class=\"popmake-3077 button_ light small  margin-t0  align bounceIn animated\" style=\"-webkit-animation-delay: 0s;\" title=\"Odpov\u011bd\u011bt\" href=\"#\" target=\"_self\" data-rt-animate=\"animate\" data-rt-animation-type=\"bounceIn\" data-rt-animation-group=\"single\" rel=\"noopener noreferrer\">Odpov\u011bd\u011bt<\/a><\/p>","protected":false},"excerpt":{"rendered":"<p>zp\u011bt Po\u017eadavky Vzd\u011bl\u00e1n\u00ed \u2013 st\u0159edo\u0161kolsk\u00e9-ekonomick\u00e9ho nebo administrativn\u00edho sm\u011bru Praxe \u2013 2 roky na obdobn\u00e9 pozici Znalosti \u2013 komunikativnost, flexibilita, samostatnost, ovl\u00e1d\u00e1n\u00ed MS OFFICE, administrativn\u011b-provozn\u00ed znalosti, \u0159\u00edzen\u00ed men\u0161\u00edho kolektivu, \u0159\u00edzen\u00ed neshodn\u00fdch d\u00edl\u016f Pracovn\u00ed n\u00e1pl\u0148 Prov\u00e1d\u011bn\u00ed p\u0159\u00edjmu materi\u00e1lu, polotvar\u016f do syt\u00e9mu DCIx a LOGIS Veden\u00ed evidence vratn\u00fdch obal\u016f v syt\u00e9mu DCIx Editace, oprava dodac\u00edch list\u016f, tisk intern\u00edch [&hellip;]<\/p>","protected":false},"author":4,"featured_media":0,"parent":2568,"menu_order":0,"comment_status":"open","ping_status":"open","template":"","meta":{"ngg_post_thumbnail":0,"footnotes":""},"class_list":["post-2636","page","type-page","status-publish","hentry"],"_links":{"self":[{"href":"http:\/\/www.sapebohemia.cz\/en\/wp-json\/wp\/v2\/pages\/2636","targetHints":{"allow":["GET"]}}],"collection":[{"href":"http:\/\/www.sapebohemia.cz\/en\/wp-json\/wp\/v2\/pages"}],"about":[{"href":"http:\/\/www.sapebohemia.cz\/en\/wp-json\/wp\/v2\/types\/page"}],"author":[{"embeddable":true,"href":"http:\/\/www.sapebohemia.cz\/en\/wp-json\/wp\/v2\/users\/4"}],"replies":[{"embeddable":true,"href":"http:\/\/www.sapebohemia.cz\/en\/wp-json\/wp\/v2\/comments?post=2636"}],"version-history":[{"count":0,"href":"http:\/\/www.sapebohemia.cz\/en\/wp-json\/wp\/v2\/pages\/2636\/revisions"}],"up":[{"embeddable":true,"href":"http:\/\/www.sapebohemia.cz\/en\/wp-json\/wp\/v2\/pages\/2568"}],"wp:attachment":[{"href":"http:\/\/www.sapebohemia.cz\/en\/wp-json\/wp\/v2\/media?parent=2636"}],"curies":[{"name":"wp","href":"https:\/\/api.w.org\/{rel}","templated":true}]}}