{"id":2715,"date":"2015-04-25T10:50:12","date_gmt":"2015-04-25T09:50:12","guid":{"rendered":"http:\/\/beta.sapebohemia.cz\/?page_id=2715"},"modified":"2015-04-25T10:50:12","modified_gmt":"2015-04-25T09:50:12","slug":"certifikat","status":"publish","type":"page","link":"http:\/\/www.sapebohemia.cz\/en\/certifikat\/","title":{"rendered":"Na\u0161e certifik\u00e1ty"},"content":{"rendered":"<div class=\"certifikat\">\n<table>\n<tbody>\n<tr>\n<td><a title=\"Certifikat\" href=\"\/wp-content\/uploads\/2018\/04\/ISO.png\"><img decoding=\"async\" style=\"max-width: 167px;\" src=\"\/wp-content\/uploads\/2018\/04\/ISO.png\" alt=\"Certifik\u00e1t DQS - 9001:2016\" width=\"167px\" \/><\/a><\/td>\n<td><\/td>\n<td>\n<p>V roce 2017 jsme z\u00edskali certifik\u00e1t <strong>\u010cSN EN ISO 9001:2016<\/strong> za syst\u00e9m managementu kvality pro p\u0159edm\u011bt \u010dinnosti &#8222;<strong>Logistick\u00e9 slu\u017eby, kompletace a mont\u00e1\u017e<\/strong>&#8222;.<\/p>\n<p>Tento certifik\u00e1t potvrzuje, \u017ee spl\u0148ujeme ve\u0161ker\u00e9 po\u017eadavky dan\u00e9 normou. Umo\u017e\u0148uje n\u00e1m poskytovat slu\u017eby i t\u011bm nejn\u00e1ro\u010dn\u011bj\u0161\u00edm z\u00e1kazn\u00edk\u016fm. D\u00e1v\u00e1 n\u00e1m mo\u017enost se \u00fa\u010dastnit v\u00fdb\u011brov\u00fdch \u0159\u00edzen\u00ed velk\u00fdch zak\u00e1zek. M\u00e1me garanci st\u00e1losti logistick\u00e9ho procesu a s t\u00edm spojenou stabiln\u00ed a vysokou kvalitu na\u0161ich slu\u017eeb. V nab\u00edzen\u00fdch slu\u017eb\u00e1ch se m\u016f\u017eeme py\u0161nit, mimo jin\u00e9, vysoce kvalitn\u00edm syst\u00e9mem \u0159\u00edzen\u00ed, skv\u011blou organiza\u010dn\u00ed strukturou a vynikaj\u00edc\u00ed efektivnost\u00ed v organizaci pracovn\u00edho procesu. Jsme otev\u0159eni po\u017eadavk\u016fm z\u00e1kazn\u00edk\u016f, n\u00e1ro\u010dn\u00fdm klient\u016fm i nov\u00fdm technologi\u00edm.<\/td>\n<td><\/td>\n<\/tr>\n<\/tbody>\n<\/table>\n<\/div>","protected":false},"excerpt":{"rendered":"<p>V roce 2017 jsme z\u00edskali certifik\u00e1t \u010cSN EN ISO 9001:2016 za syst\u00e9m managementu kvality pro p\u0159edm\u011bt \u010dinnosti &#8222;Logistick\u00e9 slu\u017eby, kompletace a mont\u00e1\u017e&#8222;. Tento certifik\u00e1t potvrzuje, \u017ee spl\u0148ujeme ve\u0161ker\u00e9 po\u017eadavky dan\u00e9 normou. Umo\u017e\u0148uje n\u00e1m poskytovat slu\u017eby i t\u011bm nejn\u00e1ro\u010dn\u011bj\u0161\u00edm z\u00e1kazn\u00edk\u016fm. D\u00e1v\u00e1 n\u00e1m mo\u017enost se \u00fa\u010dastnit v\u00fdb\u011brov\u00fdch \u0159\u00edzen\u00ed velk\u00fdch zak\u00e1zek. M\u00e1me garanci st\u00e1losti logistick\u00e9ho procesu a s [&hellip;]<\/p>","protected":false},"author":4,"featured_media":0,"parent":0,"menu_order":0,"comment_status":"open","ping_status":"open","template":"","meta":{"ngg_post_thumbnail":0,"footnotes":""},"class_list":["post-2715","page","type-page","status-publish","hentry"],"_links":{"self":[{"href":"http:\/\/www.sapebohemia.cz\/en\/wp-json\/wp\/v2\/pages\/2715","targetHints":{"allow":["GET"]}}],"collection":[{"href":"http:\/\/www.sapebohemia.cz\/en\/wp-json\/wp\/v2\/pages"}],"about":[{"href":"http:\/\/www.sapebohemia.cz\/en\/wp-json\/wp\/v2\/types\/page"}],"author":[{"embeddable":true,"href":"http:\/\/www.sapebohemia.cz\/en\/wp-json\/wp\/v2\/users\/4"}],"replies":[{"embeddable":true,"href":"http:\/\/www.sapebohemia.cz\/en\/wp-json\/wp\/v2\/comments?post=2715"}],"version-history":[{"count":0,"href":"http:\/\/www.sapebohemia.cz\/en\/wp-json\/wp\/v2\/pages\/2715\/revisions"}],"wp:attachment":[{"href":"http:\/\/www.sapebohemia.cz\/en\/wp-json\/wp\/v2\/media?parent=2715"}],"curies":[{"name":"wp","href":"https:\/\/api.w.org\/{rel}","templated":true}]}}