{"id":2851,"date":"2015-04-26T09:37:13","date_gmt":"2015-04-26T08:37:13","guid":{"rendered":"http:\/\/beta.sapebohemia.cz\/?page_id=2851"},"modified":"2015-04-26T09:37:13","modified_gmt":"2015-04-26T08:37:13","slug":"sluzby","status":"publish","type":"page","link":"http:\/\/www.sapebohemia.cz\/en\/sluzby\/","title":{"rendered":"Services"},"content":{"rendered":"<div id=\"zone-widget-2\">\n<div class=\"wrapper-2\">\n<h2>Na\u0161e slu\u017eby v oblastech<\/h2>\n<p><a href=\"\/en\/?page_id=2615\"><\/p>\n<div class=\"item first\">\n<div style=\"overflow: auto;\">\n<div class=\"full_overlay\">\n<div class=\"overlay_content\">\n<h2>Comprehensive Logistics<\/h2>\n<p>V sou\u010dasn\u00e9 dob\u011b v\u00fdrobn\u00ed z\u00e1vody zji\u0161\u0165uj\u00ed, \u017ee firmy, kter\u00e9 se specializuj\u00ed na zaji\u0161t\u011bn\u00ed outsourcingu v dan\u00e9m oboru, maj\u00ed mnohem pro\u0161kolen\u011bj\u0161\u00ed a v dan\u00e9 problematice zku\u0161en\u011bj\u0161\u00ed pracovn\u00edky&#8230;<\/p>\n<\/div>\n<p><img decoding=\"async\" style=\"display: block;\" title=\"Comprehensive Logistics\" src=\"\/wp-content\/uploads\/2015\/05\/Kompletni_logistika.jpg\" alt=\"Kompletn\u00ed logistika\" \/><\/div>\n<\/div>\n<div class=\"title\">Comprehensive Logistics<\/div>\n<\/div>\n<p><\/a><br \/>\n<a href=\"\/en\/?page_id=2617\"><\/p>\n<div class=\"item\">\n<div style=\"overflow: auto;\">\n<div class=\"full_overlay\">\n<div class=\"overlay_content\">\n<h2>IT Systems<\/h2>\n<p>V na\u0161ich provozech pou\u017e\u00edv\u00e1me \u0159e\u0161en\u00ed, kter\u00e9 je unik\u00e1tn\u00ed nejenom pro intern\u00ed logistiku, ale pro cel\u00fd dodavatelsko-odb\u011bratelsk\u00fd \u0159et\u011bzec. Informa\u010dn\u00ed syst\u00e9my, implementovan\u00e9 v na\u0161ich skladech&#8230;<\/p>\n<\/div>\n<p><img decoding=\"async\" style=\"display: block;\" title=\"IT Systems\" src=\"\/wp-content\/uploads\/2015\/05\/IT_systemy.jpg\" alt=\"IT syt\u00e9m pro logistiku\" \/><\/div>\n<\/div>\n<div class=\"title\">IT Systems<\/div>\n<\/div>\n<p><\/a><br \/>\n<a href=\"\/en\/?page_id=2619\"><\/p>\n<div class=\"item\">\n<div style=\"overflow: auto;\">\n<div class=\"full_overlay\">\n<div class=\"overlay_content\">\n<h2>Business Activity<\/h2>\n<p>Ve sv\u011bt\u011b glob\u00e1ln\u00edho podnik\u00e1n\u00ed v n\u00e1s najdete partnera pro vy\u0159\u00edzen\u00ed obchodn\u00edch transakc\u00ed  a to v\u010detn\u011b servisn\u00edch slu\u017eeb ( doprava, spedice ,skladov\u00e1n\u00ed , \u00faprava zbo\u017e\u00ed , p\u0159ebalen\u00ed)&#8230;<\/p>\n<\/div>\n<p><img decoding=\"async\" style=\"display: block;\" title=\"Business Activity\" src=\"\/wp-content\/uploads\/2015\/05\/Obchodni_cinnost.jpg\" alt=\"Obchodn\u00ed \u010dinnost\" \/><\/div>\n<\/div>\n<div class=\"title\">Business Activity<\/div>\n<\/div>\n<p><\/a>\n<\/div>\n<\/div>","protected":false},"excerpt":{"rendered":"<p>Na\u0161e slu\u017eby v oblastech Kompletn\u00ed logistika V sou\u010dasn\u00e9 dob\u011b v\u00fdrobn\u00ed z\u00e1vody zji\u0161\u0165uj\u00ed, \u017ee firmy, kter\u00e9 se specializuj\u00ed na zaji\u0161t\u011bn\u00ed outsourcingu v dan\u00e9m oboru, maj\u00ed mnohem pro\u0161kolen\u011bj\u0161\u00ed a v dan\u00e9 problematice zku\u0161en\u011bj\u0161\u00ed pracovn\u00edky&#8230; Kompletn\u00ed logistika IT syt\u00e9m pro logistiku V na\u0161ich provozech pou\u017e\u00edv\u00e1me \u0159e\u0161en\u00ed, kter\u00e9 je unik\u00e1tn\u00ed nejenom pro intern\u00ed logistiku, ale pro cel\u00fd dodavatelsko-odb\u011bratelsk\u00fd \u0159et\u011bzec. [&hellip;]<\/p>","protected":false},"author":4,"featured_media":0,"parent":0,"menu_order":0,"comment_status":"open","ping_status":"open","template":"","meta":{"ngg_post_thumbnail":0,"footnotes":""},"class_list":["post-2851","page","type-page","status-publish","hentry"],"_links":{"self":[{"href":"http:\/\/www.sapebohemia.cz\/en\/wp-json\/wp\/v2\/pages\/2851","targetHints":{"allow":["GET"]}}],"collection":[{"href":"http:\/\/www.sapebohemia.cz\/en\/wp-json\/wp\/v2\/pages"}],"about":[{"href":"http:\/\/www.sapebohemia.cz\/en\/wp-json\/wp\/v2\/types\/page"}],"author":[{"embeddable":true,"href":"http:\/\/www.sapebohemia.cz\/en\/wp-json\/wp\/v2\/users\/4"}],"replies":[{"embeddable":true,"href":"http:\/\/www.sapebohemia.cz\/en\/wp-json\/wp\/v2\/comments?post=2851"}],"version-history":[{"count":0,"href":"http:\/\/www.sapebohemia.cz\/en\/wp-json\/wp\/v2\/pages\/2851\/revisions"}],"wp:attachment":[{"href":"http:\/\/www.sapebohemia.cz\/en\/wp-json\/wp\/v2\/media?parent=2851"}],"curies":[{"name":"wp","href":"https:\/\/api.w.org\/{rel}","templated":true}]}}