{"id":2992,"date":"2015-04-29T16:36:22","date_gmt":"2015-04-29T16:36:22","guid":{"rendered":"http:\/\/beta.sapebohemia.cz\/?page_id=2992"},"modified":"2019-11-03T07:25:19","modified_gmt":"2019-11-03T07:25:19","slug":"technicka-divize","status":"publish","type":"page","link":"http:\/\/www.sapebohemia.cz\/en\/organizacni-struktura\/technicka-divize\/","title":{"rendered":"Technick\u00e1 divize"},"content":{"rendered":"<h2>Organiza\u010dn\u00ed struktura spole\u010dnosti SapeBohemia s.r.o<\/h2>","protected":false},"excerpt":{"rendered":"<p>Organiza\u010dn\u00ed struktura spole\u010dnosti SapeBohemia s.r.o<\/p>","protected":false},"author":4,"featured_media":0,"parent":2994,"menu_order":0,"comment_status":"closed","ping_status":"closed","template":"","meta":{"ngg_post_thumbnail":0,"footnotes":""},"class_list":["post-2992","page","type-page","status-publish","hentry"],"_links":{"self":[{"href":"http:\/\/www.sapebohemia.cz\/en\/wp-json\/wp\/v2\/pages\/2992","targetHints":{"allow":["GET"]}}],"collection":[{"href":"http:\/\/www.sapebohemia.cz\/en\/wp-json\/wp\/v2\/pages"}],"about":[{"href":"http:\/\/www.sapebohemia.cz\/en\/wp-json\/wp\/v2\/types\/page"}],"author":[{"embeddable":true,"href":"http:\/\/www.sapebohemia.cz\/en\/wp-json\/wp\/v2\/users\/4"}],"replies":[{"embeddable":true,"href":"http:\/\/www.sapebohemia.cz\/en\/wp-json\/wp\/v2\/comments?post=2992"}],"version-history":[{"count":1,"href":"http:\/\/www.sapebohemia.cz\/en\/wp-json\/wp\/v2\/pages\/2992\/revisions"}],"predecessor-version":[{"id":3327,"href":"http:\/\/www.sapebohemia.cz\/en\/wp-json\/wp\/v2\/pages\/2992\/revisions\/3327"}],"up":[{"embeddable":true,"href":"http:\/\/www.sapebohemia.cz\/en\/wp-json\/wp\/v2\/pages\/2994"}],"wp:attachment":[{"href":"http:\/\/www.sapebohemia.cz\/en\/wp-json\/wp\/v2\/media?parent=2992"}],"curies":[{"name":"wp","href":"https:\/\/api.w.org\/{rel}","templated":true}]}}