{"id":3337,"date":"2019-11-03T07:39:05","date_gmt":"2019-11-03T07:39:05","guid":{"rendered":"http:\/\/demo.sapebohemia.cz\/?page_id=3337"},"modified":"2020-02-12T23:35:22","modified_gmt":"2020-02-12T22:35:22","slug":"cd","status":"publish","type":"page","link":"http:\/\/www.sapebohemia.cz\/en\/projekty\/cd\/","title":{"rendered":"Crossdock"},"content":{"rendered":"<p>Hlavn\u00ed my\u0161lenkou technologie Crossdock je p\u0159\u00edjem konsolidovan\u00fdch z\u00e1silek od jednoho \u010di v\u00edce dodavatel\u016f do skladu firmy SAPE, kde jsou z\u00e1silky dekonsolidov\u00e1ny podle c\u00edlov\u00e9 destinace a n\u00e1sledn\u011b doru\u010deny kone\u010dn\u00e9mu z\u00e1kazn\u00edkovi.<\/p>\n\n\n\n<p>Pro technologii crossdock m\u00e1 Sape vyhrazeno 9 000 m\u00b2 plochy kde je m\u011bs\u00ed\u010dn\u011b odbaveno v\u00edce ne\u017e 100 000 z\u00e1silek. Ch\u00e1peme rozd\u00edlnost po\u017eadavk\u016f jednotliv\u00fdch z\u00e1kazn\u00edk\u016f, proto ka\u017ed\u00e9mu z nich nab\u00edz\u00edme individu\u00e1ln\u00ed \u0159e\u0161en\u00ed podle jeho aktu\u00e1ln\u00ed situace.<\/p>\n\n\n\n<p>Hlavn\u00edmi\nv\u00fdhodami je:<\/p>\n\n\n\n<ul class=\"wp-block-list\"><li>Zv\u00fd\u0161en\u00ed\nrychlosti dodavatelsk\u00fdch \u0159et\u011bzc\u016f<\/li><li>Velmi\nn\u00edzk\u00e9 nebo \u017e\u00e1dn\u00e9 n\u00e1klady na skladov\u00e1n\u00ed<\/li><li>Zkr\u00e1cen\u00ed\ndodavatelsk\u00e9ho \u0159et\u011bzce<\/li><li>Zrychlen\u00ed\ndistribuce<\/li><\/ul>","protected":false},"excerpt":{"rendered":"<p>Hlavn\u00ed my\u0161lenkou technologie Crossdock je p\u0159\u00edjem konsolidovan\u00fdch z\u00e1silek od jednoho \u010di v\u00edce dodavatel\u016f do skladu firmy SAPE, kde jsou z\u00e1silky dekonsolidov\u00e1ny podle c\u00edlov\u00e9 destinace a n\u00e1sledn\u011b doru\u010deny kone\u010dn\u00e9mu z\u00e1kazn\u00edkovi. Pro technologii crossdock m\u00e1 Sape vyhrazeno 9 000 m\u00b2 plochy kde je m\u011bs\u00ed\u010dn\u011b odbaveno v\u00edce ne\u017e 100 000 z\u00e1silek. Ch\u00e1peme rozd\u00edlnost po\u017eadavk\u016f jednotliv\u00fdch z\u00e1kazn\u00edk\u016f, proto ka\u017ed\u00e9mu [&hellip;]<\/p>","protected":false},"author":4,"featured_media":0,"parent":3333,"menu_order":0,"comment_status":"closed","ping_status":"closed","template":"","meta":{"ngg_post_thumbnail":0,"footnotes":""},"class_list":["post-3337","page","type-page","status-publish","hentry"],"_links":{"self":[{"href":"http:\/\/www.sapebohemia.cz\/en\/wp-json\/wp\/v2\/pages\/3337","targetHints":{"allow":["GET"]}}],"collection":[{"href":"http:\/\/www.sapebohemia.cz\/en\/wp-json\/wp\/v2\/pages"}],"about":[{"href":"http:\/\/www.sapebohemia.cz\/en\/wp-json\/wp\/v2\/types\/page"}],"author":[{"embeddable":true,"href":"http:\/\/www.sapebohemia.cz\/en\/wp-json\/wp\/v2\/users\/4"}],"replies":[{"embeddable":true,"href":"http:\/\/www.sapebohemia.cz\/en\/wp-json\/wp\/v2\/comments?post=3337"}],"version-history":[{"count":3,"href":"http:\/\/www.sapebohemia.cz\/en\/wp-json\/wp\/v2\/pages\/3337\/revisions"}],"predecessor-version":[{"id":3496,"href":"http:\/\/www.sapebohemia.cz\/en\/wp-json\/wp\/v2\/pages\/3337\/revisions\/3496"}],"up":[{"embeddable":true,"href":"http:\/\/www.sapebohemia.cz\/en\/wp-json\/wp\/v2\/pages\/3333"}],"wp:attachment":[{"href":"http:\/\/www.sapebohemia.cz\/en\/wp-json\/wp\/v2\/media?parent=3337"}],"curies":[{"name":"wp","href":"https:\/\/api.w.org\/{rel}","templated":true}]}}