{"id":3362,"date":"2019-11-03T13:24:25","date_gmt":"2019-11-03T12:24:25","guid":{"rendered":"http:\/\/demo.sapebohemia.cz\/?page_id=3362"},"modified":"2019-12-11T00:33:02","modified_gmt":"2019-12-10T23:33:02","slug":"edi","status":"publish","type":"page","link":"http:\/\/www.sapebohemia.cz\/en\/edi\/","title":{"rendered":"Electronic Data Interchange"},"content":{"rendered":"<div class=\"row clearfix\"><div class=\"box three\"><article id=\"content-box-687233-133639\" class=\"featured fadeInDown animated\" data-rt-animate=\"animate\" data-rt-animation-type=\"fadeInDown\" data-rt-animation-group=\"single\" style=\"animation-delay: 0s;\"><a href=\"#bezpecnostni-politika\" title=\"Security Policy\" target=\"_self\" rel=\"noopener noreferrer\"><span class=\"medium_rounded_icon centered centered after heading_icon animated icon-tag-1 loaded\"><\/span><\/a><div class=\"space margin-b10\"><\/div> <div class=\"caption title_centered\"><h3 class=\"featured_article_title\"><a href=\"#bezpecnostni-politika\" title=\"Security Policy\" target=\"_self\" rel=\"noopener noreferrer\">Security Policy<\/a><\/h3><\/div><div class=\"space margin-b10\"><\/div><\/article><\/div><div class=\"box three\"><article id=\"content-box-687233-58796\" class=\"featured fadeInDown animated\" data-rt-animate=\"animate\" data-rt-animation-type=\"fadeInDown\" data-rt-animation-group=\"single\" style=\"animation-delay: 0s;\"><a href=\"#technicke-pozadavky\" title=\"Technical requirements\" target=\"_self\" rel=\"noopener noreferrer\"><span class=\"medium_rounded_icon centered centered after heading_icon animated icon-tag-1 loaded\"><\/span><\/a><div class=\"space margin-b10\"><\/div> <div class=\"caption title_centered\"><h3 class=\"featured_article_title\"><a href=\"#technicke-pozadavky\" title=\"Technical requirements\" target=\"_self\" rel=\"noopener noreferrer\">Technical requirements<\/a><\/h3><\/div><div class=\"space margin-b10\"><\/div><\/article><\/div><div class=\"box three\"><article id=\"content-box-687233-54056\" class=\"featured fadeInDown animated\" data-rt-animate=\"animate\" data-rt-animation-type=\"fadeInDown\" data-rt-animation-group=\"single\" style=\"animation-delay: 0s;\"><a href=\"#seznam-certifikacnich-autorit\" title=\"List of certification authorities\" target=\"_self\" rel=\"noopener noreferrer\"><span class=\"medium_rounded_icon centered centered after heading_icon animated icon-tag-1 loaded\"><\/span><\/a><div class=\"space margin-b10\"><\/div> <div class=\"caption title_centered\"><h3 class=\"featured_article_title\"><a href=\"#seznam-certifikacnich-autorit\" title=\"List of certification authorities\" target=\"_self\" rel=\"noopener noreferrer\">List of certification authorities<\/a><\/h3><\/div><div class=\"space margin-b10\"><\/div><\/article><\/div><\/div>\n\n\n\n<div class=\"wp-block-group\"><div class=\"wp-block-group__inner-container is-layout-flow wp-block-group-is-layout-flow\">\n<h2 class=\"wp-block-heading\">Documentation and links<\/h2>\n<\/div><\/div>\n\n\n\n<h3 class=\"wp-block-heading\">Documentation <\/h3>\n\n\n\n<p>Downloadable manuals <a href=\"https:\/\/www.vwgroupsupply.com\/one-kbp-pub\/en\/kbp_public\/information\/communication_1\/electronic_data_interchange_2\/electronic_data_interchange.html\">here<\/a> <\/p>\n\n\n\n<h3 class=\"wp-block-heading\">Links<\/h3>\n\n\n\n<ol class=\"wp-block-list\"><li> <a href=\"https:\/\/www.odette.org\/repository\/OFTP2_Explained.pdf\">OFTP2 Explained<\/a><\/li><li> <a href=\"https:\/\/www.odette.org\/services\/oftp2\/software-test-service\">OFTP2 Interoperability Tested Software<\/a> <\/li><li> <a href=\"http:\/\/www.odette.org\/TSL\/POL_OFTP2.txt\">OFTP2 Certificate Policy<\/a> <\/li><li> <a href=\"https:\/\/www.odettesecure.com\">Odette Certification Authority<\/a> <\/li><li> OFTP parameters for JIS data transfer<\/li><\/ol>\n\n\n\n<div class=\"wp-block-group\"><div class=\"wp-block-group__inner-container is-layout-flow wp-block-group-is-layout-flow\">\n<h2>Security Policy<\/h2>\n<a href=\"#bezpecnostni-politika\" name=\"bezpecnostni-politika\"><\/a>\n<\/div><\/div>\n\n\n\n<ul class=\"wp-block-list\"><li>Generally encryption is set up by TLS (Transport Layer Security). TLS ensures sufficient security and protection by encryption of transferred data and protocol orders against data abuse by a third party.<\/li><li>OFTP2 functionality for data encryption with electronic signature can be used in case legislature requires it or in case of mutual agreement and requirement  of the business partner.<\/li><li>Authentication of certificates is required<\/li><li>SAPE Bohemia uses the certificate published by the certification agency Odette International.<\/li><\/ul>\n\n\n\n<h2>Technical requirements of the business partner<\/h2>\n<a href=\"#technicke-pozadavky\" name=\"technicke-pozadavky\"><\/a>\n\n\n\n<ul class=\"wp-block-list\"><li>Implementation of a product with OFTP2 support<\/li><li>Obtain SSL certificate published by a certification authority, which is recognized by SAPE Bohemia or rather \u0160koda AUTO \u2013 explained below \u2013 recommendation is CA Odette International<\/li><li>CA Odette International import root certificate<\/li><\/ul>\n\n\n\n<h2>List of recognized certification authorities<\/h2>\n<a href=\"#seznam-certifikacnich-autorit\" name=\"seznam-certifikacnich-autorit\"><\/a>\n\n\n\n<ul class=\"wp-block-list\"><li>Odette International (used by \u0160koda Auto)<\/li><li>VeriSign, Inc.<\/li><li>I. CA a.s.<\/li><li>PostSignum QCA (\u010cesk\u00e1 po\u0161ta s.p.)<\/li><li><a href=\"https:\/\/www.odette.org\/TSL\/odette-oftp2-tsl.pdf\" target=\"_blank\" rel=\"noreferrer noopener\">Odette Trust-service Status Lists (TSL)<\/a>&nbsp;<\/li><\/ul>\n\n\n<section id=\"tf-stat-3465\" class=\"statistics\"  data-sp=\"10\" ><h3 >EDI in numbers<\/h3><div class=\"statistics-inner\"><div class=\"stat\"  data-count=\"10000\" data-orignal_count=\"10000\"><span class=\"fa fa-calculator\"><\/span><span class=\"number\" ><\/span><span class=\"count-title\">Daily number of messages<\/span><\/div><div class=\"stat\"  data-count=\"48\" data-orignal_count=\"48\"><span class=\"fa fa-random\"><\/span><span class=\"number\" ><\/span><span class=\"count-title\">Number of channels<\/span><\/div><div class=\"stat\"  data-count=\"15\" data-orignal_count=\"15\"><span class=\"fa fa-object-ungroup\"><\/span><span class=\"number\" ><\/span><span class=\"count-title\">Number of objects<\/span><\/div><\/div><\/section>","protected":false},"excerpt":{"rendered":"<p>Bezpe\u010dnost\u00ed politika Technick\u00e9 po\u017eadavky Seznam certifika\u010dn\u00edch autorit Dokumentace a odkazy Dokumentace P\u0159\u00edru\u010dky ke sta\u017een\u00ed zde Odkazy OFTP2 Explained OFTP2 Interoperability Tested Software OFTP2 Certificate Policy Odette Certification Authority OFTP parametry pro p\u0159enos JIS dat Bezpe\u010dnost\u00ed politika Obecn\u011b je nastaveno \u0161ifrov\u00e1n\u00ed na \u00farovni kan\u00e1lu prost\u0159ednictv\u00edm TLS (Transport Layer Security). TLS zaji\u0161\u0165uje dostate\u010dnou bezpe\u010dnost a ochranu p\u0159ed [&hellip;]<\/p>","protected":false},"author":4,"featured_media":0,"parent":0,"menu_order":0,"comment_status":"closed","ping_status":"closed","template":"","meta":{"ngg_post_thumbnail":0,"footnotes":""},"class_list":["post-3362","page","type-page","status-publish","hentry"],"_links":{"self":[{"href":"http:\/\/www.sapebohemia.cz\/en\/wp-json\/wp\/v2\/pages\/3362","targetHints":{"allow":["GET"]}}],"collection":[{"href":"http:\/\/www.sapebohemia.cz\/en\/wp-json\/wp\/v2\/pages"}],"about":[{"href":"http:\/\/www.sapebohemia.cz\/en\/wp-json\/wp\/v2\/types\/page"}],"author":[{"embeddable":true,"href":"http:\/\/www.sapebohemia.cz\/en\/wp-json\/wp\/v2\/users\/4"}],"replies":[{"embeddable":true,"href":"http:\/\/www.sapebohemia.cz\/en\/wp-json\/wp\/v2\/comments?post=3362"}],"version-history":[{"count":15,"href":"http:\/\/www.sapebohemia.cz\/en\/wp-json\/wp\/v2\/pages\/3362\/revisions"}],"predecessor-version":[{"id":3483,"href":"http:\/\/www.sapebohemia.cz\/en\/wp-json\/wp\/v2\/pages\/3362\/revisions\/3483"}],"wp:attachment":[{"href":"http:\/\/www.sapebohemia.cz\/en\/wp-json\/wp\/v2\/media?parent=3362"}],"curies":[{"name":"wp","href":"https:\/\/api.w.org\/{rel}","templated":true}]}}