{"id":862,"date":"2011-09-23T15:15:41","date_gmt":"2011-09-23T15:15:41","guid":{"rendered":"http:\/\/rttheme18.demo-rt.com\/?page_id=5"},"modified":"2020-05-21T06:32:16","modified_gmt":"2020-05-21T05:32:16","slug":"about-us","status":"publish","type":"page","link":"http:\/\/www.sapebohemia.cz\/en\/about-us\/","title":{"rendered":"About us"},"content":{"rendered":"<p><a name=\"sekce02\"><\/a><\/p>\n<h2>Mission<\/h2>\n<h3>Successful business<\/h3>\n<ul>\n<li>By constant monitoring of performance, productivity and by elimination of errors and causes.<\/li>\n<\/ul>\n<h3>Customer satisfaction<\/h3>\n<ol>\n<li>Constant improvement in terms of quality, along with a structured system of quality management.<\/li>\n<li>Reliable system of deliveries<\/li>\n<li>Positive attitude<\/li>\n<\/ol>\n<h3>Employee satisfaction<\/h3>\n<ol>\n<li>Communication and establishment of information channels<\/li>\n<li>Education, training and constant improvement<\/li>\n<li>Creating a safe work environment<\/li>\n<li>Intelligent processes with focus on maintenance and cleanliness<\/li>\n<\/ol>\n<h3>Leading company in the industry<\/h3>\n<ol>\n<li>External benchmarking<\/li>\n<li>Intensive contact with suppliers and manufacturers<\/li>\n<\/ol>\n<p><a name=\"sekce03\"><\/a><\/p>\n\t\t\t<!-- Cool Timeline Free V3.1 -->\n\t\t\t<div class=\"ctl-wrapper\" role=\"region\" aria-label=\"Timeline\">\n\t\t\t\t<div class=\"ctl-before-content\"><div class=\"timeline-main-title\"><h1>Sape Bohemia s.r.o.<\/h1><\/div><\/div>\t\t\t\t<div id=\"cool_timeline_1\" class=\"cool-timeline-wrapper ctl-both-sided ctl-vertical-wrapper\" >\n\t\t\t\t\t<div class=\"ctl-start\"><\/div>\n\t\t\t\t\t<!-- Timeline Container -->\n\t\t\t\t\t<div class=\"ctl-timeline ctl-timeline-container\" data-animation=\"none\">\n\t\t\t\t\t\t<!-- Center Line -->\n\t\t\t\t\t\t<div class=\"ctl-inner-line\" role=\"presentation\"><\/div>\n\t\t\t\t\t\t<!-- Story Year Section --><div data-cls=\"sc-nv-light vertical\" class=\"timeline-year scrollable-section ctl-year ctl-year-container light-year\" data-section-title=\"2019\" id=\"year-2019\"><div class=\"ctl-year-label ctl-year-text\"><span>2019<\/span><\/div><\/div><!-- Timeline Content --><div  id=\"ctl-story-3494\" class=\"ctl-story ctl-story-dot-icon odd ctl-story-right\" data-aos=\"none\"   data-story-index=\"1\" role=\"article\"><!-- Story Date --><div class=\"ctl-labels\"><div class=\"ctl-label-big story-date\">2019<\/div><\/div><!-- Story IconDot --><div class=\"ctl-icondot\"><\/div> <!-- Story Arrow --><div class=\"ctl-arrow\"><\/div><!-- Story Content --><div class=\"ctl-content\"><!-- Story Title --><div class=\"ctl-title story-3494\" aria-label=\"2\">Project Crossdock<\/div><\/div><\/div><!-- Story Year Section --><div data-cls=\"sc-nv-light vertical\" class=\"timeline-year scrollable-section ctl-year ctl-year-container light-year\" data-section-title=\"2012\" id=\"year-2012\"><div class=\"ctl-year-label ctl-year-text\"><span>2012<\/span><\/div><\/div><!-- Timeline Content --><div  id=\"ctl-story-3437\" class=\"ctl-story ctl-story-dot-icon even ctl-story-left\" data-aos=\"none\"   data-story-index=\"2\" role=\"article\"><!-- Story Date --><div class=\"ctl-labels\"><div class=\"ctl-label-big story-date\">2012<\/div><\/div><!-- Story IconDot --><div class=\"ctl-icondot\"><\/div> <!-- Story Arrow --><div class=\"ctl-arrow\"><\/div><!-- Story Content --><div class=\"ctl-content\"><!-- Story Title --><div class=\"ctl-title story-3437\" aria-label=\"2\">Project CEDL<\/div><\/div><\/div><!-- Story Year Section --><div data-cls=\"sc-nv-light vertical\" class=\"timeline-year scrollable-section ctl-year ctl-year-container light-year\" data-section-title=\"2010\" id=\"year-2010\"><div class=\"ctl-year-label ctl-year-text\"><span>2010<\/span><\/div><\/div><!-- Timeline Content --><div  id=\"ctl-story-3436\" class=\"ctl-story ctl-story-dot-icon odd ctl-story-right\" data-aos=\"none\"   data-story-index=\"3\" role=\"article\"><!-- Story Date --><div class=\"ctl-labels\"><div class=\"ctl-label-big story-date\">2010<\/div><\/div><!-- Story IconDot --><div class=\"ctl-icondot\"><\/div> <!-- Story Arrow --><div class=\"ctl-arrow\"><\/div><!-- Story Content --><div class=\"ctl-content\"><!-- Story Title --><div class=\"ctl-title story-3436\" aria-label=\"2\">J.I.S. For Faurecia<\/div><!-- Story Description --><div class=\"ctl-description\"><p>Logistics service in Kvasiny, J.I.S for Faurecia<\/p>\n<\/div><\/div><\/div><!-- Story Year Section --><div data-cls=\"sc-nv-light vertical\" class=\"timeline-year scrollable-section ctl-year ctl-year-container light-year\" data-section-title=\"2007\" id=\"year-2007\"><div class=\"ctl-year-label ctl-year-text\"><span>2007<\/span><\/div><\/div><!-- Timeline Content --><div  id=\"ctl-story-3435\" class=\"ctl-story ctl-story-dot-icon even ctl-story-left\" data-aos=\"none\"   data-story-index=\"4\" role=\"article\"><!-- Story Date --><div class=\"ctl-labels\"><div class=\"ctl-label-big story-date\">2007<\/div><\/div><!-- Story IconDot --><div class=\"ctl-icondot\"><\/div> <!-- Story Arrow --><div class=\"ctl-arrow\"><\/div><!-- Story Content --><div class=\"ctl-content\"><!-- Story Title --><div class=\"ctl-title story-3435\" aria-label=\"2\">J.I.S for M13 facility<\/div><!-- Story Description --><div class=\"ctl-description\"><p>Logistics center in Mlad\u00e1 Boleslav is founded, J.I.S for M13, SPC<\/p>\n<\/div><\/div><\/div><!-- Story Year Section --><div data-cls=\"sc-nv-light vertical\" class=\"timeline-year scrollable-section ctl-year ctl-year-container light-year\" data-section-title=\"2006\" id=\"year-2006\"><div class=\"ctl-year-label ctl-year-text\"><span>2006<\/span><\/div><\/div><!-- Timeline Content --><div  id=\"ctl-story-3434\" class=\"ctl-story ctl-story-dot-icon odd ctl-story-right\" data-aos=\"none\"   data-story-index=\"5\" role=\"article\"><!-- Story Date --><div class=\"ctl-labels\"><div class=\"ctl-label-big story-date\">2006<\/div><\/div><!-- Story IconDot --><div class=\"ctl-icondot\"><\/div> <!-- Story Arrow --><div class=\"ctl-arrow\"><\/div><!-- Story Content --><div class=\"ctl-content\"><!-- Story Title --><div class=\"ctl-title story-3434\" aria-label=\"2\">J.I.S for HP Pelzer<\/div><\/div><\/div><!-- Story Year Section --><div data-cls=\"sc-nv-light vertical\" class=\"timeline-year scrollable-section ctl-year ctl-year-container light-year\" data-section-title=\"2005\" id=\"year-2005\"><div class=\"ctl-year-label ctl-year-text\"><span>2005<\/span><\/div><\/div><!-- Timeline Content --><div  id=\"ctl-story-3433\" class=\"ctl-story ctl-story-dot-icon even ctl-story-left\" data-aos=\"none\"   data-story-index=\"6\" role=\"article\"><!-- Story Date --><div class=\"ctl-labels\"><div class=\"ctl-label-big story-date\">2005<\/div><\/div><!-- Story IconDot --><div class=\"ctl-icondot\"><\/div> <!-- Story Arrow --><div class=\"ctl-arrow\"><\/div><!-- Story Content --><div class=\"ctl-content\"><!-- Story Title --><div class=\"ctl-title story-3433\" aria-label=\"2\">\u0160koda car Warehouse \u0160KODATRANS<\/div><\/div><\/div><!-- Story Year Section --><div data-cls=\"sc-nv-light vertical\" class=\"timeline-year scrollable-section ctl-year ctl-year-container light-year\" data-section-title=\"2004\" id=\"year-2004\"><div class=\"ctl-year-label ctl-year-text\"><span>2004<\/span><\/div><\/div><!-- Timeline Content --><div  id=\"ctl-story-3432\" class=\"ctl-story ctl-story-dot-icon odd ctl-story-right\" data-aos=\"none\"   data-story-index=\"7\" role=\"article\"><!-- Story Date --><div class=\"ctl-labels\"><div class=\"ctl-label-big story-date\">2004<\/div><\/div><!-- Story IconDot --><div class=\"ctl-icondot\"><\/div> <!-- Story Arrow --><div class=\"ctl-arrow\"><\/div><!-- Story Content --><div class=\"ctl-content\"><!-- Story Title --><div class=\"ctl-title story-3432\" aria-label=\"2\">J.I.S.<\/div><!-- Story Description --><div class=\"ctl-description\"><p>J.I.S. \u0160koda Auto a.s.<\/p>\n<\/div><\/div><\/div><!-- Story Year Section --><div data-cls=\"sc-nv-light vertical\" class=\"timeline-year scrollable-section ctl-year ctl-year-container light-year\" data-section-title=\"2003\" id=\"year-2003\"><div class=\"ctl-year-label ctl-year-text\"><span>2003<\/span><\/div><\/div><!-- Timeline Content --><div  id=\"ctl-story-3431\" class=\"ctl-story ctl-story-dot-icon even ctl-story-left\" data-aos=\"none\"   data-story-index=\"8\" role=\"article\"><!-- Story Date --><div class=\"ctl-labels\"><div class=\"ctl-label-big story-date\">2003<\/div><\/div><!-- Story IconDot --><div class=\"ctl-icondot\"><\/div> <!-- Story Arrow --><div class=\"ctl-arrow\"><\/div><!-- Story Content --><div class=\"ctl-content\"><!-- Story Title --><div class=\"ctl-title story-3431\" aria-label=\"2\">First J.I.T.<\/div><!-- Story Description --><div class=\"ctl-description\"><p>First J.I.T. Grupo Antolin, Project CKD, SKD<\/p>\n<\/div><\/div><\/div><!-- Story Year Section --><div data-cls=\"sc-nv-light vertical\" class=\"timeline-year scrollable-section ctl-year ctl-year-container light-year\" data-section-title=\"2002\" id=\"year-2002\"><div class=\"ctl-year-label ctl-year-text\"><span>2002<\/span><\/div><\/div><!-- Timeline Content --><div  id=\"ctl-story-3430\" class=\"ctl-story ctl-story-dot-icon odd ctl-story-right\" data-aos=\"none\"   data-story-index=\"9\" role=\"article\"><!-- Story Date --><div class=\"ctl-labels\"><div class=\"ctl-label-big story-date\">2002<\/div><\/div><!-- Story IconDot --><div class=\"ctl-icondot\"><\/div> <!-- Story Arrow --><div class=\"ctl-arrow\"><\/div><!-- Story Content --><div class=\"ctl-content\"><!-- Story Title --><div class=\"ctl-title story-3430\" aria-label=\"2\">First contracts in Automotive<\/div><!-- Story Description --><div class=\"ctl-description\"><p>Contracts with GAB, GAT, HP Pelzer, SNOP<\/p>\n<\/div><\/div><\/div><!-- Story Year Section --><div data-cls=\"sc-nv-light vertical\" class=\"timeline-year scrollable-section ctl-year ctl-year-container light-year\" data-section-title=\"2000\" id=\"year-2000\"><div class=\"ctl-year-label ctl-year-text\"><span>2000<\/span><\/div><\/div><!-- Timeline Content --><div  id=\"ctl-story-3427\" class=\"ctl-story ctl-story-dot-icon even ctl-story-left\" data-aos=\"none\"   data-story-index=\"10\" role=\"article\"><!-- Story Date --><div class=\"ctl-labels\"><div class=\"ctl-label-big story-date\">2000<\/div><\/div><!-- Story IconDot --><div class=\"ctl-icondot\"><\/div> <!-- Story Arrow --><div class=\"ctl-arrow\"><\/div><!-- Story Content --><div class=\"ctl-content\"><!-- Story Title --><div class=\"ctl-title story-3427\" aria-label=\"2\">SAPE Bohemia s.r.o is founded<\/div><\/div><\/div>\t\t\t\t\t<\/div>\n\t\t\t\t\t<div class=\"ctl-end\"><\/div>\n\t\t\t\t\t\t\t\t\t<\/div>\n\t\t\t<\/div>","protected":false},"excerpt":{"rendered":"<p>C\u00edle spole\u010dnosti \u00dasp\u011b\u0161n\u011b hospoda\u0159\u00edc\u00ed firma Neust\u00e1l\u00fdm sledov\u00e1n\u00edm v\u00fdkonnosti a produktivity a sn\u00ed\u017een\u00edm neshod nebo odstran\u011bn\u00edm p\u0159\u00ed\u010din vzniku neshodn\u00fdch d\u00edl\u016f Spokojenost z\u00e1kazn\u00edka Prost\u0159ednictv\u00edm trvale se zlep\u0161uj\u00edc\u00edho p\u0159\u00edstupu ke kvalit\u011b, spolu se strukturovan\u00fdm syst\u00e9mem \u0159\u00edzen\u00ed kvality Spolehliv\u00fdm syst\u00e9mem dod\u00e1vek Vst\u0159\u00edcnou komunikac\u00ed Spokojenost zam\u011bstnanc\u016f Informov\u00e1n\u00edm a komunikac\u00ed \u0160kolen\u00edm a trval\u00fdm zlep\u0161ov\u00e1n\u00edm Vytvo\u0159en\u00edm bezpe\u010dn\u00e9ho pracovi\u0161t\u011b Inteligentn\u00edmi procesy se zam\u011b\u0159en\u00edm [&hellip;]<\/p>","protected":false},"author":4,"featured_media":0,"parent":0,"menu_order":0,"comment_status":"closed","ping_status":"closed","template":"","meta":{"ngg_post_thumbnail":0,"footnotes":""},"class_list":["post-862","page","type-page","status-publish","hentry"],"_links":{"self":[{"href":"http:\/\/www.sapebohemia.cz\/en\/wp-json\/wp\/v2\/pages\/862","targetHints":{"allow":["GET"]}}],"collection":[{"href":"http:\/\/www.sapebohemia.cz\/en\/wp-json\/wp\/v2\/pages"}],"about":[{"href":"http:\/\/www.sapebohemia.cz\/en\/wp-json\/wp\/v2\/types\/page"}],"author":[{"embeddable":true,"href":"http:\/\/www.sapebohemia.cz\/en\/wp-json\/wp\/v2\/users\/4"}],"replies":[{"embeddable":true,"href":"http:\/\/www.sapebohemia.cz\/en\/wp-json\/wp\/v2\/comments?post=862"}],"version-history":[{"count":5,"href":"http:\/\/www.sapebohemia.cz\/en\/wp-json\/wp\/v2\/pages\/862\/revisions"}],"predecessor-version":[{"id":3518,"href":"http:\/\/www.sapebohemia.cz\/en\/wp-json\/wp\/v2\/pages\/862\/revisions\/3518"}],"wp:attachment":[{"href":"http:\/\/www.sapebohemia.cz\/en\/wp-json\/wp\/v2\/media?parent=862"}],"curies":[{"name":"wp","href":"https:\/\/api.w.org\/{rel}","templated":true}]}}